{"id":438,"date":"2021-10-12T13:30:37","date_gmt":"2021-10-12T10:30:37","guid":{"rendered":"https:\/\/www.college-chiconi.fr\/cahweb\/?page_id=438"},"modified":"2024-03-28T18:53:43","modified_gmt":"2024-03-28T15:53:43","slug":"on-parle-de-nous","status":"publish","type":"page","link":"https:\/\/www.college-chiconi.fr\/cahweb\/on-parle-de-nous\/","title":{"rendered":"On parle de nous"},"content":{"rendered":"<p><img loading=\"lazy\" class=\"aligncenter wp-image-441\" src=\"http:\/\/www.college-chiconi.fr\/cahweb\/wp-content\/uploads\/2021\/10\/1280px-Mayotte_La_1ere_-_Logo_2018.svg_-300x109.png\" alt=\"\" width=\"150\" height=\"54\" srcset=\"https:\/\/www.college-chiconi.fr\/cahweb\/wp-content\/uploads\/2021\/10\/1280px-Mayotte_La_1ere_-_Logo_2018.svg_-300x109.png 300w, https:\/\/www.college-chiconi.fr\/cahweb\/wp-content\/uploads\/2021\/10\/1280px-Mayotte_La_1ere_-_Logo_2018.svg_-1024x370.png 1024w, https:\/\/www.college-chiconi.fr\/cahweb\/wp-content\/uploads\/2021\/10\/1280px-Mayotte_La_1ere_-_Logo_2018.svg_-768x278.png 768w, https:\/\/www.college-chiconi.fr\/cahweb\/wp-content\/uploads\/2021\/10\/1280px-Mayotte_La_1ere_-_Logo_2018.svg_.png 1280w\" sizes=\"(max-width: 150px) 100vw, 150px\" \/><br \/>\nExtrait du JT du 27 mars 202 de 19H sur Mayotte la 1\u00e8re.<\/p>\n<p><center><iframe loading=\"lazy\" title=\"Le 19h \u00e0 Mayotte du Vendredi 26 Mai 2023\" src=\"https:\/\/www.youtube.com\/embed\/SQVVXWgzkKc?si=8-1m8aoP9s35_kfy\" width=\"635\" height=\"355\" frameborder=\"0\" allowfullscreen=\"allowfullscreen\"><span data-mce-type=\"bookmark\" style=\"display: inline-block; width: 0px; overflow: hidden; line-height: 0;\" class=\"mce_SELRES_start\">\ufeff<\/span><span data-mce-type=\"bookmark\" style=\"display: inline-block; width: 0px; overflow: hidden; line-height: 0;\" class=\"mce_SELRES_start\">\ufeff<\/span><\/iframe><\/center>Extrait du JT du 26 mai 2023 de 19H sur Mayotte la 1\u00e8re.<\/p>\n<p><center><iframe loading=\"lazy\" title=\"Le 19h \u00e0 Mayotte du Vendredi 26 Mai 2023\" src=\"https:\/\/www.youtube.com\/embed\/DCLohl8rh7w\" width=\"635\" height=\"355\" frameborder=\"0\" allowfullscreen=\"allowfullscreen\"><span data-mce-type=\"bookmark\" style=\"display: inline-block; width: 0px; overflow: hidden; line-height: 0;\" class=\"mce_SELRES_start\">\ufeff<\/span><\/iframe><\/center>Extrait du JT du 16 mai 2023 de 19H sur Mayotte la 1\u00e8re.<\/p>\n<p><center><iframe loading=\"lazy\" title=\"Le 19h \u00e0 Mayotte du Mardi 16 Mai 2023\" src=\"https:\/\/www.youtube.com\/embed\/aERMtFq2pJc\" width=\"635\" height=\"355\" frameborder=\"0\" allowfullscreen=\"allowfullscreen\"><\/iframe><\/center>Extrait du JT du 6 d\u00e9cembre 2022 de 19H sur Mayotte la 1\u00e8re.<\/p>\n<p><center><iframe loading=\"lazy\" title=\"\" src=\"https:\/\/www.youtube.com\/embed\/PHoCkVYTmkA\" width=\"635\" height=\"355\" frameborder=\"0\" allowfullscreen=\"allowfullscreen\"><span data-mce-type=\"bookmark\" style=\"display: inline-block; width: 0px; overflow: hidden; line-height: 0;\" class=\"mce_SELRES_start\">\ufeff<\/span><\/iframe><\/center>Extrait du JT du 24 novembre 2022 de 13H sur Mayotte la 1\u00e8re.<\/p>\n<p><center><iframe loading=\"lazy\" title=\"Le 13h \u00e0 Mayotte du Jeudi 24 Novembre 2022\" src=\"https:\/\/www.youtube.com\/embed\/FGy_v9BABWU\" width=\"635\" height=\"355\" frameborder=\"0\" allowfullscreen=\"allowfullscreen\"><\/iframe><\/center>Extrait du JT du 8 octobre 2021 de 19H sur Mayotte la 1\u00e8re.<\/p>\n<p><center><div style=\"width: 640px;\" class=\"wp-video\"><!--[if lt IE 9]><script>document.createElement('video');<\/script><![endif]-->\n<video class=\"wp-video-shortcode\" id=\"video-438-1\" width=\"640\" height=\"360\" preload=\"metadata\" controls=\"controls\"><source type=\"video\/mp4\" src=\"http:\/\/www.college-chiconi.fr\/cahweb\/media\/JT_20211008_Mayotte1ere.mp4?_=1\" \/><a href=\"http:\/\/www.college-chiconi.fr\/cahweb\/media\/JT_20211008_Mayotte1ere.mp4\">http:\/\/www.college-chiconi.fr\/cahweb\/media\/JT_20211008_Mayotte1ere.mp4<\/a><\/video><\/div>\n<p>&nbsp;<\/p>\n<p>&nbsp;<\/p>\n<p>&nbsp;<\/p>\n<p><\/center>&nbsp;<\/p>\n<p><img loading=\"lazy\" class=\"aligncenter wp-image-442\" src=\"http:\/\/www.college-chiconi.fr\/cahweb\/wp-content\/uploads\/2021\/10\/KTV-ecran-noir-300x206.jpg\" alt=\"\" width=\"150\" height=\"103\" srcset=\"https:\/\/www.college-chiconi.fr\/cahweb\/wp-content\/uploads\/2021\/10\/KTV-ecran-noir-300x206.jpg 300w, https:\/\/www.college-chiconi.fr\/cahweb\/wp-content\/uploads\/2021\/10\/KTV-ecran-noir.jpg 600w\" sizes=\"(max-width: 150px) 100vw, 150px\" \/><\/p>\n<p>Extrait du JT du 8 octobre 2021 de 19H sur Kwezi TV.<\/p>\n<p><center><div style=\"width: 640px;\" class=\"wp-video\"><video class=\"wp-video-shortcode\" id=\"video-438-2\" width=\"640\" height=\"360\" preload=\"metadata\" controls=\"controls\"><source type=\"video\/mp4\" src=\"http:\/\/www.college-chiconi.fr\/cahweb\/media\/JT_2021008_KweziTV.mp4?_=2\" \/><a href=\"http:\/\/www.college-chiconi.fr\/cahweb\/media\/JT_2021008_KweziTV.mp4\">http:\/\/www.college-chiconi.fr\/cahweb\/media\/JT_2021008_KweziTV.mp4<\/a><\/video><\/div>\n<p>&nbsp;<\/p>\n<p>&nbsp;<\/p>\n<p>&nbsp;<\/p>\n<p><\/center><\/p>\n","protected":false},"excerpt":{"rendered":"<p>Extrait du JT du 27 mars 202 de 19H sur Mayotte la 1\u00e8re. \ufeff\ufeffExtrait du JT du 26 mai 2023 de 19H sur Mayotte la 1\u00e8re. \ufeffExtrait du JT du 16 mai 2023 de 19H sur Mayotte la 1\u00e8re. Extrait du JT du 6 d\u00e9cembre 2022 de 19H sur Mayotte la 1\u00e8re. \ufeffExtrait du JT [&hellip;]<\/p>\n","protected":false},"author":1,"featured_media":0,"parent":0,"menu_order":0,"comment_status":"closed","ping_status":"closed","template":"","meta":[],"_links":{"self":[{"href":"https:\/\/www.college-chiconi.fr\/cahweb\/wp-json\/wp\/v2\/pages\/438"}],"collection":[{"href":"https:\/\/www.college-chiconi.fr\/cahweb\/wp-json\/wp\/v2\/pages"}],"about":[{"href":"https:\/\/www.college-chiconi.fr\/cahweb\/wp-json\/wp\/v2\/types\/page"}],"author":[{"embeddable":true,"href":"https:\/\/www.college-chiconi.fr\/cahweb\/wp-json\/wp\/v2\/users\/1"}],"replies":[{"embeddable":true,"href":"https:\/\/www.college-chiconi.fr\/cahweb\/wp-json\/wp\/v2\/comments?post=438"}],"version-history":[{"count":13,"href":"https:\/\/www.college-chiconi.fr\/cahweb\/wp-json\/wp\/v2\/pages\/438\/revisions"}],"predecessor-version":[{"id":720,"href":"https:\/\/www.college-chiconi.fr\/cahweb\/wp-json\/wp\/v2\/pages\/438\/revisions\/720"}],"wp:attachment":[{"href":"https:\/\/www.college-chiconi.fr\/cahweb\/wp-json\/wp\/v2\/media?parent=438"}],"curies":[{"name":"wp","href":"https:\/\/api.w.org\/{rel}","templated":true}]}}